{"id":53,"date":"2026-03-04T16:21:16","date_gmt":"2026-03-04T16:21:16","guid":{"rendered":"http:\/\/mwauqyp.cluster121.hosting.ovh.net\/?page_id=53"},"modified":"2026-03-25T14:43:24","modified_gmt":"2026-03-25T14:43:24","slug":"qui-sommes-nous","status":"publish","type":"page","link":"https:\/\/7en3d.com\/index.php\/qui-sommes-nous\/","title":{"rendered":"Qui sommes nous?"},"content":{"rendered":"\n<p><strong>7en3D : Un pro de la 3D \u00e0 votre service<\/strong><\/p>\n\n\n\n<p>Depuis l\u2019apparition sur le march\u00e9 \u201cpublic\u201d des <strong>imprimantes 3D de prototypage rapide<\/strong>, cette technologie de pointe n&rsquo;est plus r\u00e9serv\u00e9e aux industriels de l\u2019a\u00e9ronautique, de l&rsquo;automobile.. Une r\u00e9volution qui est en route et met \u00e0 la port\u00e9e de chacun la cr\u00e9ation d&rsquo;objets unitaires et personnalis\u00e9s.<\/p>\n\n\n\n<p><strong>7en3D<\/strong> r\u00e9alise le mod\u00e8le 3D en CAO puis fait tout le suivi de r\u00e9alisation jusqu&rsquo;\u00e0 la livraison.\u2026. pour une offre de service cl\u00e9 en main en impression 3D.<\/p>\n\n\n\n<p><strong>Son fondateur<\/strong> : Dessinateur technique et industriel \u00e0 la base et ing\u00e9nieur en conception de produits, formateur\/consultant en C.A.O. pour un grand \u00e9diteur de logiciel mondial et d&rsquo;autres soci\u00e9t\u00e9s de services dans le domaine de la CAO, <strong>St\u00e9phane Lefebvre<\/strong> cr\u00e9e <strong>7en3D<\/strong> en 2014.<\/p>\n\n\n\n<p><strong>Son concept<\/strong> : R\u00e9aliser pour des particuliers, des cr\u00e9ateurs, des entreprises, tout type d&rsquo;objet en utilisant le proc\u00e9d\u00e9 de l\u2019impression 3D.<\/p>\n\n\n\n<p><strong>Impression 3D de toute pi\u00e8ce technique ou m\u00e9canique, &#8230;toute cr\u00e9ation d&rsquo;objet personnalis\u00e9 selon votre id\u00e9e.<\/strong><\/p>\n\n\n\n<p><\/p>\n","protected":false},"excerpt":{"rendered":"<p>7en3D : Un pro de la 3D \u00e0 votre service Depuis l\u2019apparition sur le march\u00e9 \u201cpublic\u201d des imprimantes 3D de prototypage rapide, cette technologie de pointe n&rsquo;est plus r\u00e9serv\u00e9e aux industriels de l\u2019a\u00e9ronautique, de l&rsquo;automobile.. Une r\u00e9volution qui est en route et met \u00e0 la port\u00e9e de chacun la cr\u00e9ation d&rsquo;objets unitaires et personnalis\u00e9s. 7en3D &hellip; <a href=\"https:\/\/7en3d.com\/index.php\/qui-sommes-nous\/\" class=\"more-link\">Continuer la lecture<span class=\"screen-reader-text\"> de &laquo;&nbsp;Qui sommes nous?&nbsp;&raquo;<\/span><\/a><\/p>\n","protected":false},"author":1,"featured_media":0,"parent":0,"menu_order":0,"comment_status":"closed","ping_status":"closed","template":"","meta":{"footnotes":""},"class_list":["post-53","page","type-page","status-publish","hentry"],"_links":{"self":[{"href":"https:\/\/7en3d.com\/index.php\/wp-json\/wp\/v2\/pages\/53","targetHints":{"allow":["GET"]}}],"collection":[{"href":"https:\/\/7en3d.com\/index.php\/wp-json\/wp\/v2\/pages"}],"about":[{"href":"https:\/\/7en3d.com\/index.php\/wp-json\/wp\/v2\/types\/page"}],"author":[{"embeddable":true,"href":"https:\/\/7en3d.com\/index.php\/wp-json\/wp\/v2\/users\/1"}],"replies":[{"embeddable":true,"href":"https:\/\/7en3d.com\/index.php\/wp-json\/wp\/v2\/comments?post=53"}],"version-history":[{"count":3,"href":"https:\/\/7en3d.com\/index.php\/wp-json\/wp\/v2\/pages\/53\/revisions"}],"predecessor-version":[{"id":258,"href":"https:\/\/7en3d.com\/index.php\/wp-json\/wp\/v2\/pages\/53\/revisions\/258"}],"wp:attachment":[{"href":"https:\/\/7en3d.com\/index.php\/wp-json\/wp\/v2\/media?parent=53"}],"curies":[{"name":"wp","href":"https:\/\/api.w.org\/{rel}","templated":true}]}}