{"id":52,"date":"2026-03-04T15:32:36","date_gmt":"2026-03-04T15:32:36","guid":{"rendered":"http:\/\/mwauqyp.cluster121.hosting.ovh.net\/?page_id=52"},"modified":"2026-03-25T14:38:46","modified_gmt":"2026-03-25T14:38:46","slug":"limpression-3d","status":"publish","type":"page","link":"https:\/\/7en3d.com\/index.php\/limpression-3d\/","title":{"rendered":"L&rsquo;Impression 3D (principe)"},"content":{"rendered":"\n<p><\/p>\n\n\n\n<p>Tel un mille feuilles fabriqu\u00e9 par le p\u00e2tissier, la pi\u00e8ce dans I&rsquo;imprimante 3D est construite par d\u00e9p\u00f4t de mati\u00e8re, couche par couche. Si on fait le parall\u00e8le, la feuille A4 d&rsquo;une imprimante 2D deviendrait dans I\u2019imprimante 3D un VOLUME, par d\u00e9p\u00f4t successif de feuilles de mati\u00e8re.<\/p>\n\n\n\n<p>On peut dire que I&rsquo;imprimante 3D a un jet d&rsquo;encre sp\u00e9cial : de I&rsquo;encre \u00e9paisse, de I\u2019encre \u201cmati\u00e8re\u201d qui se d\u00e9pose au fur et \u00e0 mesure. La mati\u00e8re de base est du plastique, qui provient d&rsquo;une bobine de fil, qui passe dans une buse et qui fond juste au moment de se d\u00e9poser sur la pi\u00e8ce.<\/p>\n\n\n\n<p>Des cavit\u00e9s (creux) peuvent m\u0113me se r\u00e9aliser \u00e0 I&rsquo;int\u00e9rieur de la mati\u00e8re (comme \u00e0 I&rsquo;int\u00e9rieur d&rsquo;un parpaing)<br><br>Les couches successives sont de I\u2019ordre environ du dixi\u00e8me de millim\u00e8tre (0,1 mm)<\/p>\n\n\n\n<p>Le mat\u00e9riau de base est du plastique.<br><br>D&rsquo;autres mat\u00e9riaux sont possibles : des alliages m\u00e9talliques, de la c\u00e9ramique, de la poudre de bois, de la cire.<br>D&rsquo;autres applications plus sp\u00e9cifiques apparaissent en m\u00e9decine. On trouve m\u00eame du chocolat.<br><br>Le temps de fabrication est plus long, mais dans la globalit\u00e9 du process, c\u2019est nettement plus rapide. Il y a un gain r\u00e9el. Pas besoin de moule, ni d\u2019autres outillages de fabrication.<br><br>Ce proc\u00e9d\u00e9 est en train de d\u00e9passer de tr\u00e8s nombreux autres proc\u00e9d\u00e9s sur le march\u00e9 (pour le moment). Plus tard, viendront les r\u00e9plicateurs, mais cela fait l\u2019objet d\u2019un autre chapitre.<\/p>\n\n\n\n<p><strong>7en3D r\u00e9alise toute pi\u00e8ce technique ou m\u00e9canique, ..toute cr\u00e9ation d&rsquo;objet personnalis\u00e9 selon votre id\u00e9e.<\/strong><\/p>\n\n\n\n<figure class=\"wp-block-video\"><video height=\"1024\" style=\"aspect-ratio: 1280 \/ 1024;\" width=\"1280\" controls src=\"https:\/\/7en3d.com\/wp-content\/uploads\/2026\/03\/7en3d_Principe.mp4\"><\/video><\/figure>\n\n\n\n<p><strong>Principe de cr\u00e9ation de mati\u00e8re par ajout de couches successives par l&rsquo;imprimante 3D (fabrication additive)<\/strong><\/p>\n","protected":false},"excerpt":{"rendered":"<p>Tel un mille feuilles fabriqu\u00e9 par le p\u00e2tissier, la pi\u00e8ce dans I&rsquo;imprimante 3D est construite par d\u00e9p\u00f4t de mati\u00e8re, couche par couche. Si on fait le parall\u00e8le, la feuille A4 d&rsquo;une imprimante 2D deviendrait dans I\u2019imprimante 3D un VOLUME, par d\u00e9p\u00f4t successif de feuilles de mati\u00e8re. On peut dire que I&rsquo;imprimante 3D a un jet &hellip; <a href=\"https:\/\/7en3d.com\/index.php\/limpression-3d\/\" class=\"more-link\">Continuer la lecture<span class=\"screen-reader-text\"> de &laquo;&nbsp;L&rsquo;Impression 3D (principe)&nbsp;&raquo;<\/span><\/a><\/p>\n","protected":false},"author":1,"featured_media":0,"parent":0,"menu_order":0,"comment_status":"closed","ping_status":"closed","template":"","meta":{"footnotes":""},"class_list":["post-52","page","type-page","status-publish","hentry"],"_links":{"self":[{"href":"https:\/\/7en3d.com\/index.php\/wp-json\/wp\/v2\/pages\/52","targetHints":{"allow":["GET"]}}],"collection":[{"href":"https:\/\/7en3d.com\/index.php\/wp-json\/wp\/v2\/pages"}],"about":[{"href":"https:\/\/7en3d.com\/index.php\/wp-json\/wp\/v2\/types\/page"}],"author":[{"embeddable":true,"href":"https:\/\/7en3d.com\/index.php\/wp-json\/wp\/v2\/users\/1"}],"replies":[{"embeddable":true,"href":"https:\/\/7en3d.com\/index.php\/wp-json\/wp\/v2\/comments?post=52"}],"version-history":[{"count":15,"href":"https:\/\/7en3d.com\/index.php\/wp-json\/wp\/v2\/pages\/52\/revisions"}],"predecessor-version":[{"id":255,"href":"https:\/\/7en3d.com\/index.php\/wp-json\/wp\/v2\/pages\/52\/revisions\/255"}],"wp:attachment":[{"href":"https:\/\/7en3d.com\/index.php\/wp-json\/wp\/v2\/media?parent=52"}],"curies":[{"name":"wp","href":"https:\/\/api.w.org\/{rel}","templated":true}]}}