{"id":51,"date":"2026-03-04T16:18:05","date_gmt":"2026-03-04T16:18:05","guid":{"rendered":"http:\/\/mwauqyp.cluster121.hosting.ovh.net\/?page_id=51"},"modified":"2026-03-04T18:55:18","modified_gmt":"2026-03-04T18:55:18","slug":"contact-et-devis","status":"publish","type":"page","link":"https:\/\/7en3d.com\/index.php\/contact-et-devis\/","title":{"rendered":"Contact et devis"},"content":{"rendered":"\n<p class=\"has-text-align-left\"><strong>Vous avez une id\u00e9e de cr\u00e9ation d&rsquo;objet, un besoin d&rsquo;information concernant l&rsquo;impression 3D, nos services, nos formations&#8230; <\/strong><\/p>\n\n\n\n<p class=\"has-text-align-left\">Laissez nous un message en d\u00e9crivant pr\u00e9cisement votre demande (photo, type d&rsquo;objet, circonstances de d\u00e9faillance).<\/p>\n\n\n\n<p class=\"has-text-align-left\">Nous vous r\u00e9pondrons dans les meilleurs d\u00e9lais.<\/p>\n\n\n\n<p class=\"has-text-align-center\"><strong>DEVIS GRATUIT<\/strong><\/p>\n\n\n\n<p><strong>Nous \u00e9crire :<\/strong><\/p>\n\n\n\n<p>7en3d<\/p>\n\n\n\n<p>11 rue Monge<\/p>\n\n\n\n<p>92190 MEUDON<\/p>\n\n\n\n<p><strong>Nous envoyer un mail :<\/strong><\/p>\n\n\n<div class=\"wp-block-image\">\n<figure class=\"alignright size-full is-resized\"><img loading=\"lazy\" decoding=\"async\" width=\"282\" height=\"591\" src=\"http:\/\/mwauqyp.cluster121.hosting.ovh.net\/wp-content\/uploads\/2026\/03\/logo-devis.jpg\" alt=\"\" class=\"wp-image-146\" style=\"aspect-ratio:0.4771557864098793;width:97px;height:auto\" srcset=\"https:\/\/7en3d.com\/wp-content\/uploads\/2026\/03\/logo-devis.jpg 282w, https:\/\/7en3d.com\/wp-content\/uploads\/2026\/03\/logo-devis-143x300.jpg 143w\" sizes=\"auto, (max-width: 282px) 85vw, 282px\" \/><\/figure>\n<\/div>\n\n\n<p>contact@7en3d.com<\/p>\n\n\n\n<p><\/p>\n\n\n\n<p><em>A votre service pour donner forme \u00e0 toutes vos id\u00e9es !<\/em><\/p>\n\n\n\n<p><\/p>\n\n\n\n<p class=\"has-text-align-center\"><strong>Formulaire de contact<\/strong><\/p>\n\n\n\n<div class=\"forminator-guttenberg\"><div class=\"forminator-ui forminator-custom-form forminator-custom-form-141 forminator-design--default  forminator_ajax\" data-forminator-render=\"0\" data-form=\"forminator-module-141\" data-uid=\"69e756398bcd1\"><br\/><\/div><form\n\t\t\t\tid=\"forminator-module-141\"\n\t\t\t\tclass=\"forminator-ui forminator-custom-form forminator-custom-form-141 forminator-design--default  forminator_ajax\"\n\t\t\t\tmethod=\"post\"\n\t\t\t\tdata-forminator-render=\"0\"\n\t\t\t\tdata-form-id=\"141\"\n\t\t\t\tenctype=\"multipart\/form-data\" data-color-option=\"theme\" data-design=\"default\" data-grid=\"open\" style=\"display: none;\"\n\t\t\t\tdata-uid=\"69e756398bcd1\"\n\t\t\t><div role=\"alert\" aria-live=\"polite\" class=\"forminator-response-message forminator-error\" aria-hidden=\"true\"><\/div><div class=\"forminator-row\"><div id=\"name-2\" class=\"forminator-field-name forminator-col forminator-col-12 \"><div class=\"forminator-field\"><label for=\"forminator-field-name-2_69e756398bcd1\" id=\"forminator-field-name-2_69e756398bcd1-label\" class=\"forminator-label\">Nom<\/label><input type=\"text\" name=\"name-2\" value=\"\" placeholder=\"\" id=\"forminator-field-name-2_69e756398bcd1\" class=\"forminator-input forminator-name--field\" aria-required=\"false\" autocomplete=\"name\" \/><\/div><\/div><\/div><div class=\"forminator-row\"><div id=\"name-1\" class=\"forminator-field-name forminator-col forminator-col-12 \"><div class=\"forminator-field\"><label for=\"forminator-field-name-1_69e756398bcd1\" id=\"forminator-field-name-1_69e756398bcd1-label\" class=\"forminator-label\">Pr\u00e9nom <span class=\"forminator-required\">*<\/span><\/label><input type=\"text\" name=\"name-1\" value=\"\" placeholder=\"\" id=\"forminator-field-name-1_69e756398bcd1\" class=\"forminator-input forminator-name--field\" aria-required=\"true\" autocomplete=\"name\" \/><\/div><\/div><\/div><div class=\"forminator-row\"><div id=\"email-1\" class=\"forminator-field-email forminator-col forminator-col-12 \"><div class=\"forminator-field\"><label for=\"forminator-field-email-1_69e756398bcd1\" id=\"forminator-field-email-1_69e756398bcd1-label\" class=\"forminator-label\">Adresse de messagerie <span class=\"forminator-required\">*<\/span><\/label><input type=\"email\" name=\"email-1\" value=\"\" placeholder=\"\" id=\"forminator-field-email-1_69e756398bcd1\" class=\"forminator-input forminator-email--field\" data-required=\"true\" aria-required=\"true\" autocomplete=\"email\" \/><\/div><\/div><\/div><div class=\"forminator-row\"><div id=\"phone-1\" class=\"forminator-field-phone forminator-col forminator-col-12 \"><div class=\"forminator-field\"><label for=\"forminator-field-phone-1_69e756398bcd1\" id=\"forminator-field-phone-1_69e756398bcd1-label\" class=\"forminator-label\">Num\u00e9ro de t\u00e9l\u00e9phone<\/label><input type=\"text\" name=\"phone-1\" value=\"\" placeholder=\"\" id=\"forminator-field-phone-1_69e756398bcd1\" class=\"forminator-input forminator-field--phone\" data-required=\"\" aria-required=\"false\" autocomplete=\"off\" \/><\/div><\/div><\/div><div class=\"forminator-row\"><div id=\"textarea-1\" class=\"forminator-field-textarea forminator-col forminator-col-12 \"><div class=\"forminator-field\"><label for=\"forminator-field-textarea-1_69e756398bcd1\" id=\"forminator-field-textarea-1_69e756398bcd1-label\" class=\"forminator-label\">Message<\/label><span id=\"forminator-field-textarea-1_69e756398bcd1-description\" class=\"forminator-description\"><span data-limit=\"180\" data-type=\"characters\" data-editor=\"\">0 \/ 180<\/span><\/span><textarea name=\"textarea-1\" placeholder=\"\" id=\"forminator-field-textarea-1_69e756398bcd1\" class=\"forminator-textarea\" rows=\"6\" style=\"min-height:140px;\" maxlength=\"180\" ><\/textarea><\/div><\/div><\/div><div class=\"forminator-row\"><div id=\"upload-1\" class=\"forminator-field-upload forminator-col forminator-col-12 \"><div class=\"forminator-field\"><label for=\"forminator-field-upload-1_69e756398bcd1\" id=\"forminator-field-upload-1_69e756398bcd1-label\" class=\"forminator-label\">T\u00e9l\u00e9verser un fichier<\/label><div class=\"forminator-file-upload \" data-element=\"upload-1_69e756398bcd1\"><input type=\"file\" name=\"upload-1\" id=\"forminator-field-upload-1_69e756398bcd1\" class=\"forminator-input-file\" accept=\".jpg,.jpeg,.jpe,.gif,.png,.bmp,.tiff,.tif,.webp,.avif,.ico,.heic,.heif,.heics,.heifs,.asf,.asx,.wmv,.wmx,.wm,.avi,.divx,.flv,.mov,.qt,.mpeg,.mpg,.mpe,.mp4,.m4v,.ogv,.webm,.mkv,.3gp,.3gpp,.3g2,.3gp2,.txt,.asc,.c,.cc,.h,.srt,.csv,.tsv,.ics,.rtx,.vtt,.mp3,.m4a,.m4b,.aac,.ra,.ram,.wav,.x-wav,.ogg,.oga,.flac,.mid,.midi,.wma,.wax,.mka,.rtf,.pdf,.class,.tar,.zip,.gz,.gzip,.7z,.psd,.xcf,.doc,.pot,.pps,.ppt,.wri,.xla,.xls,.xlt,.xlw,.mdb,.mpp,.docx,.docm,.dotx,.dotm,.xlsx,.xlsm,.xlsb,.xltx,.xltm,.xlam,.pptx,.pptm,.ppsx,.ppsm,.potx,.potm,.ppam,.sldx,.sldm,.onetoc,.onetoc2,.onetmp,.onepkg,.oxps,.xps,.odt,.odp,.ods,.odg,.odc,.odb,.odf,.wp,.wpd,.key,.numbers,.pages,.json\" tabindex=\"-1\"><button id=\"forminator-field-upload-1_69e756398bcd1_button\" class=\"forminator-button forminator-button-upload\" data-id=\"forminator-field-upload-1_69e756398bcd1\">Choisissez un fichier<\/button><span data-empty-text=\"Aucun fichier s\u00e9lectionn\u00e9\">Aucun fichier s\u00e9lectionn\u00e9<\/span><button class=\"forminator-button-delete\" style=\"display: none;\"><i class=\"forminator-icon-close\" aria-hidden=\"true\"><\/i><span class=\"forminator-screen-reader-only\">Supprimer le fichier t\u00e9l\u00e9vers\u00e9<\/span><\/button><\/div><\/div><\/div><\/div><div class=\"forminator-row\"><\/div><input type=\"hidden\" name=\"referer_url\" value=\"\" \/><div class=\"forminator-row forminator-row-last\"><div class=\"forminator-col\"><div class=\"forminator-field\"><button class=\"forminator-button forminator-button-submit\">Envoyer<\/button><\/div><\/div><\/div><input type=\"hidden\" id=\"forminator_nonce\" name=\"forminator_nonce\" value=\"5287177539\" \/><input type=\"hidden\" name=\"_wp_http_referer\" value=\"\/index.php\/wp-json\/wp\/v2\/pages\/51\" \/><input type=\"hidden\" name=\"form_id\" value=\"141\"><input type=\"hidden\" name=\"page_id\" value=\"51\"><input type=\"hidden\" name=\"form_type\" value=\"default\"><input type=\"hidden\" name=\"current_url\" value=\"https:\/\/7en3d.com\/index.php\/contact-et-devis\/\"><input type=\"hidden\" name=\"render_id\" value=\"0\"><input type=\"hidden\" name=\"action\" value=\"forminator_submit_form_custom-forms\"><\/form><\/div>\n\n\n\n<p><\/p>\n","protected":false},"excerpt":{"rendered":"<p>Vous avez une id\u00e9e de cr\u00e9ation d&rsquo;objet, un besoin d&rsquo;information concernant l&rsquo;impression 3D, nos services, nos formations&#8230; Laissez nous un message en d\u00e9crivant pr\u00e9cisement votre demande (photo, type d&rsquo;objet, circonstances de d\u00e9faillance). Nous vous r\u00e9pondrons dans les meilleurs d\u00e9lais. DEVIS GRATUIT Nous \u00e9crire : 7en3d 11 rue Monge 92190 MEUDON Nous envoyer un mail : &hellip; <a href=\"https:\/\/7en3d.com\/index.php\/contact-et-devis\/\" class=\"more-link\">Continuer la lecture<span class=\"screen-reader-text\"> de &laquo;&nbsp;Contact et devis&nbsp;&raquo;<\/span><\/a><\/p>\n","protected":false},"author":1,"featured_media":0,"parent":0,"menu_order":0,"comment_status":"closed","ping_status":"closed","template":"","meta":{"footnotes":""},"class_list":["post-51","page","type-page","status-publish","hentry"],"_links":{"self":[{"href":"https:\/\/7en3d.com\/index.php\/wp-json\/wp\/v2\/pages\/51","targetHints":{"allow":["GET"]}}],"collection":[{"href":"https:\/\/7en3d.com\/index.php\/wp-json\/wp\/v2\/pages"}],"about":[{"href":"https:\/\/7en3d.com\/index.php\/wp-json\/wp\/v2\/types\/page"}],"author":[{"embeddable":true,"href":"https:\/\/7en3d.com\/index.php\/wp-json\/wp\/v2\/users\/1"}],"replies":[{"embeddable":true,"href":"https:\/\/7en3d.com\/index.php\/wp-json\/wp\/v2\/comments?post=51"}],"version-history":[{"count":7,"href":"https:\/\/7en3d.com\/index.php\/wp-json\/wp\/v2\/pages\/51\/revisions"}],"predecessor-version":[{"id":213,"href":"https:\/\/7en3d.com\/index.php\/wp-json\/wp\/v2\/pages\/51\/revisions\/213"}],"wp:attachment":[{"href":"https:\/\/7en3d.com\/index.php\/wp-json\/wp\/v2\/media?parent=51"}],"curies":[{"name":"wp","href":"https:\/\/api.w.org\/{rel}","templated":true}]}}