{"id":50,"date":"2026-03-04T16:20:43","date_gmt":"2026-03-04T16:20:43","guid":{"rendered":"http:\/\/mwauqyp.cluster121.hosting.ovh.net\/?page_id=50"},"modified":"2026-03-25T14:36:37","modified_gmt":"2026-03-25T14:36:37","slug":"formation-3d","status":"publish","type":"page","link":"https:\/\/7en3d.com\/index.php\/formation-3d\/","title":{"rendered":"Formation 3D"},"content":{"rendered":"<div class=\"wp-block-image\">\n<figure class=\"alignright size-full is-resized\"><img loading=\"lazy\" decoding=\"async\" width=\"757\" height=\"765\" src=\"https:\/\/mwauqyp.cluster121.hosting.ovh.net\/wp-content\/uploads\/2026\/03\/bonhomme-qui-etudie-7en3D.jpg\" alt=\"\" class=\"wp-image-188\" style=\"aspect-ratio:0.9895546624376826;width:201px;height:auto\" srcset=\"https:\/\/7en3d.com\/wp-content\/uploads\/2026\/03\/bonhomme-qui-etudie-7en3D.jpg 757w, https:\/\/7en3d.com\/wp-content\/uploads\/2026\/03\/bonhomme-qui-etudie-7en3D-297x300.jpg 297w\" sizes=\"auto, (max-width: 757px) 85vw, 757px\" \/><\/figure>\n<\/div>\n\n\n<p><strong>STAGES POUR PARTICULIER ET ENTREPRISE<\/strong><\/p>\n\n\n\n<p>Les stages de f<strong>ormation \u00e0 la mod\u00e9lisation 3D <\/strong>s&rsquo;adressent \u00e0 ceux qui veulent cr\u00e9er leur objet de A \u00e0 Z, et maitriser ainsi tout le cycle \uff1aJ\u2019imagine mon objet, je le cr\u00e9e et le vois en 3D sur mon ordinateur ET je le fais imprimer sur I\u2019imprimante 3D.<br><br><strong>St\u00e9phane Lefebvre, formateur et consultant en CAO (Conception Assist\u00e9e par Ordinateur), expert en mod\u00e9lisation 3D, vous forme sur un logiciel CAO, t\u00e9l\u00e9chargeable gratuitement sur internet.<\/strong><br><br>Les stages CAO se d\u00e9roulent sur 1 journ\u00e9e pour le niveau d\u00e9butant et d&rsquo;1 journ\u00e9e suppl\u00e9mentaire pour un niveau interm\u00e9diaire.<br><br><strong>Module d\u00e9butant : Apprendre \u00e0 faire des formes simples (1 jour)<br><\/strong><br>&#8211; D\u00e9couverte des outils d&rsquo;esquisse (cercles, lignes, rectangles, etc)<br>&#8211; Cr\u00e9ations de formes simples (parall\u00e9l\u00e9pip\u00e8des, sph\u00e8res)<br>&#8211; Outils de corrections et modification<\/p>\n\n\n\n<p>&#8211; Mettre des couleurs et textures<br>&#8211; Sauvegarder et transf\u00e9rer son objet vers l\u2019imprimante<br><\/p>\n\n\n\n<p>Demande d&rsquo;information <a href=\"https:\/\/7en3d.com\/index.php\/contact-et-devis\/\" data-type=\"link\" data-id=\"https:\/\/7en3d.com\/index.php\/contact-et-devis\/\"><strong>ici<\/strong><\/a><br><br><\/p>\n\n\n\n<p><strong>Contenu du module interm\u00e9diaire : Apprendre \u00e0 faire des formes plus avanc\u00e9es (1 jour)<br><\/strong><br>&#8211; Pr\u00e9-requis du module d\u00e9butant<br>&#8211; Cr\u00e9ations de formes plus avanc\u00e9es (extrusion, balayage, lissage, arrondis)<br>&#8211; Outils de corrections et modification<br>&#8211; Outils de duplication : sym\u00e9trie, r\u00e9p\u00e9tition, copies.<br>&#8211; Cr\u00e9er des objets qui s&#8217;embo\u00eetent<br>&#8211; Cr\u00e9er des objets articul\u00e9s<br>&#8211; Mettre des couleurs et textures<br>&#8211; Sauvegarder et transf\u00e9rer son objet vers l\u2019imprimante<br><br><br><\/p>\n\n\n\n<p>Demande d&rsquo;information <a href=\"https:\/\/7en3d.com\/index.php\/contact-et-devis\/\" data-type=\"link\" data-id=\"https:\/\/7en3d.com\/index.php\/contact-et-devis\/\"><strong>ici<\/strong><\/a><strong><br><br><br><\/strong><\/p>\n\n\n\n<p><strong>Lieux : Paris et r\u00e9gion parisienne : chez vous, ou en centre de formation<br>Tarifs : sur devis, selon le nombre de personnes et le lieu<\/strong><br><br><\/p>\n\n\n\n<p>Demander un devis : <a href=\"https:\/\/7en3d.com\/index.php\/contact-et-devis\/\" data-type=\"link\" data-id=\"https:\/\/7en3d.com\/index.php\/contact-et-devis\/\"><strong>formulaire de contact<\/strong><\/a><\/p>\n\n\n\n<p><\/p>\n","protected":false},"excerpt":{"rendered":"<p>STAGES POUR PARTICULIER ET ENTREPRISE Les stages de formation \u00e0 la mod\u00e9lisation 3D s&rsquo;adressent \u00e0 ceux qui veulent cr\u00e9er leur objet de A \u00e0 Z, et maitriser ainsi tout le cycle \uff1aJ\u2019imagine mon objet, je le cr\u00e9e et le vois en 3D sur mon ordinateur ET je le fais imprimer sur I\u2019imprimante 3D. St\u00e9phane Lefebvre, &hellip; <a href=\"https:\/\/7en3d.com\/index.php\/formation-3d\/\" class=\"more-link\">Continuer la lecture<span class=\"screen-reader-text\"> de &laquo;&nbsp;Formation 3D&nbsp;&raquo;<\/span><\/a><\/p>\n","protected":false},"author":1,"featured_media":0,"parent":0,"menu_order":0,"comment_status":"closed","ping_status":"closed","template":"","meta":{"footnotes":""},"class_list":["post-50","page","type-page","status-publish","hentry"],"_links":{"self":[{"href":"https:\/\/7en3d.com\/index.php\/wp-json\/wp\/v2\/pages\/50","targetHints":{"allow":["GET"]}}],"collection":[{"href":"https:\/\/7en3d.com\/index.php\/wp-json\/wp\/v2\/pages"}],"about":[{"href":"https:\/\/7en3d.com\/index.php\/wp-json\/wp\/v2\/types\/page"}],"author":[{"embeddable":true,"href":"https:\/\/7en3d.com\/index.php\/wp-json\/wp\/v2\/users\/1"}],"replies":[{"embeddable":true,"href":"https:\/\/7en3d.com\/index.php\/wp-json\/wp\/v2\/comments?post=50"}],"version-history":[{"count":11,"href":"https:\/\/7en3d.com\/index.php\/wp-json\/wp\/v2\/pages\/50\/revisions"}],"predecessor-version":[{"id":252,"href":"https:\/\/7en3d.com\/index.php\/wp-json\/wp\/v2\/pages\/50\/revisions\/252"}],"wp:attachment":[{"href":"https:\/\/7en3d.com\/index.php\/wp-json\/wp\/v2\/media?parent=50"}],"curies":[{"name":"wp","href":"https:\/\/api.w.org\/{rel}","templated":true}]}}