{"id":49,"date":"2026-03-04T15:31:21","date_gmt":"2026-03-04T15:31:21","guid":{"rendered":"http:\/\/mwauqyp.cluster121.hosting.ovh.net\/?page_id=49"},"modified":"2026-03-25T14:32:48","modified_gmt":"2026-03-25T14:32:48","slug":"creation-dobjets-personnalises","status":"publish","type":"page","link":"https:\/\/7en3d.com\/index.php\/creation-dobjets-personnalises\/","title":{"rendered":"Cr\u00e9ation d&rsquo;objets personnalis\u00e9s"},"content":{"rendered":"\n<p><strong>DE L\u2019IDEE A LA MATIERE, DONNEZ FORME A VOS IDEES<\/strong><\/p>\n\n\n\n<p><strong>Objets d\u00e9co, cadeaux originaux, accessoires personnalis\u00e9s, mod\u00e9lisme, maquette d\u2019architecture, prototype, accessoire de jeux, logo 3d, tuning.<\/strong><\/p>\n\n\n\n<p><strong>L\u2019impression 3 D ouvre de multiple possibilit\u00e9s pour cr\u00e9er des objets uniques, sur mesure, personnalisables.<\/strong><\/p>\n\n\n\n<p class=\"blockart-paragraph blockart-paragraph-8595476c\"><strong>Vous avez une id\u00e9e, un projet de cr\u00e9ation d\u2019objet ? C\u2019est tr\u00e8s simple.<br><\/strong><\/p>\n\n\n\n<div class=\"wp-block-columns is-layout-flex wp-container-core-columns-is-layout-9d6595d7 wp-block-columns-is-layout-flex\">\n<div class=\"wp-block-column is-layout-flow wp-block-column-is-layout-flow\" style=\"flex-basis:100%\">\n<div class=\"wp-block-group\"><div class=\"wp-block-group__inner-container is-layout-constrained wp-block-group-is-layout-constrained\">\n<div class=\"wp-block-columns is-layout-flex wp-container-core-columns-is-layout-9d6595d7 wp-block-columns-is-layout-flex\">\n<div class=\"wp-block-column is-layout-flow wp-block-column-is-layout-flow\" style=\"flex-basis:33.33%\">\n<figure class=\"wp-block-image size-full\"><img loading=\"lazy\" decoding=\"async\" width=\"193\" height=\"198\" src=\"https:\/\/7en3d.com\/wp-content\/uploads\/2026\/03\/page2-image1.gif\" alt=\"\" class=\"wp-image-91\"\/><\/figure>\n<\/div>\n\n\n\n<div class=\"wp-block-column is-layout-flow wp-block-column-is-layout-flow\" style=\"flex-basis:66.66%\">\n<p><strong>1- VOUS NOUS FAITES PART DE VOTRE PROJET DE CREATION D\u2019OBJET <\/strong>en remplissant le <strong>formulaire de contact<\/strong>.<br><strong>2- Apr\u00e8s ETUDE PERSONNALISEE GRATUITE, nous vous envoyons une PROPOSITION DE DEVIS.<\/strong><\/p>\n<\/div>\n<\/div>\n<\/div><\/div>\n<\/div>\n<\/div>\n\n\n\n<div class=\"wp-block-columns is-layout-flex wp-container-core-columns-is-layout-9d6595d7 wp-block-columns-is-layout-flex\">\n<div class=\"wp-block-column is-layout-flow wp-block-column-is-layout-flow\" style=\"flex-basis:33.33%\">\n<figure class=\"wp-block-image size-full\"><img loading=\"lazy\" decoding=\"async\" width=\"205\" height=\"206\" src=\"https:\/\/7en3d.com\/wp-content\/uploads\/2026\/03\/page2-image2.gif\" alt=\"\" class=\"wp-image-92\"\/><\/figure>\n<\/div>\n\n\n\n<div class=\"wp-block-column is-layout-flow wp-block-column-is-layout-flow\" style=\"flex-basis:66.66%\">\n<p><\/p>\n\n\n\n<p><strong>3- NOUS CREEONS LE MODELE 3D de votre objet sur ordinateur, SELON VOTRE DEMANDE.<\/strong><\/p>\n<\/div>\n<\/div>\n\n\n\n<div class=\"wp-block-columns is-layout-flex wp-container-core-columns-is-layout-9d6595d7 wp-block-columns-is-layout-flex\">\n<div class=\"wp-block-column is-layout-flow wp-block-column-is-layout-flow\" style=\"flex-basis:33.33%\">\n<figure class=\"wp-block-image size-full\"><img loading=\"lazy\" decoding=\"async\" width=\"192\" height=\"172\" src=\"https:\/\/7en3d.com\/wp-content\/uploads\/2026\/03\/page2-image3-2.gif\" alt=\"\" class=\"wp-image-100\"\/><\/figure>\n<\/div>\n\n\n\n<div class=\"wp-block-column is-layout-flow wp-block-column-is-layout-flow\" style=\"flex-basis:66.66%\">\n<p><\/p>\n\n\n\n<p><strong>4- NOUS L\u2019ENVOYONS A L\u2019IMPRESSION 3D<\/strong><\/p>\n<\/div>\n<\/div>\n\n\n\n<div class=\"wp-block-columns is-layout-flex wp-container-core-columns-is-layout-9d6595d7 wp-block-columns-is-layout-flex\">\n<div class=\"wp-block-column is-layout-flow wp-block-column-is-layout-flow\" style=\"flex-basis:33.33%\">\n<figure class=\"wp-block-image size-full\"><img loading=\"lazy\" decoding=\"async\" width=\"165\" height=\"207\" src=\"https:\/\/7en3d.com\/wp-content\/uploads\/2026\/03\/page2-image4-1.gif\" alt=\"\" class=\"wp-image-101\"\/><\/figure>\n<\/div>\n\n\n\n<div class=\"wp-block-column is-layout-flow wp-block-column-is-layout-flow\" style=\"flex-basis:66.66%\">\n<p><\/p>\n\n\n\n<p><strong>5- VOUS RECEVEZ QUELQUES JOURS PLUS TARD VOTRE OBJET A VOTRE DOMICILE.<\/strong><\/p>\n<\/div>\n<\/div>\n\n\n\n<p>Laissez-nous un message en d\u00e9crivant pr\u00e9cis\u00e9ment votre demande.<br>Nous vous r\u00e9pondrons dans les meilleurs d\u00e9lais.<\/p>\n\n\n\n<div class=\"wp-block-buttons is-layout-flex wp-block-buttons-is-layout-flex\">\n<div class=\"wp-block-button\"><a class=\"wp-block-button__link has-bright-blue-background-color has-background wp-element-button\" href=\"https:\/\/7en3d.com\/index.php\/contact-et-devis\/\">Envoyez une demande d&rsquo;information ou de devis<\/a><\/div>\n<\/div>\n\n\n\n<p><\/p>\n","protected":false},"excerpt":{"rendered":"<p>DE L\u2019IDEE A LA MATIERE, DONNEZ FORME A VOS IDEES Objets d\u00e9co, cadeaux originaux, accessoires personnalis\u00e9s, mod\u00e9lisme, maquette d\u2019architecture, prototype, accessoire de jeux, logo 3d, tuning. L\u2019impression 3 D ouvre de multiple possibilit\u00e9s pour cr\u00e9er des objets uniques, sur mesure, personnalisables. 1- VOUS NOUS FAITES PART DE VOTRE PROJET DE CREATION D\u2019OBJET en remplissant le &hellip; <a href=\"https:\/\/7en3d.com\/index.php\/creation-dobjets-personnalises\/\" class=\"more-link\">Continuer la lecture<span class=\"screen-reader-text\"> de &laquo;&nbsp;Cr\u00e9ation d&rsquo;objets personnalis\u00e9s&nbsp;&raquo;<\/span><\/a><\/p>\n","protected":false},"author":1,"featured_media":0,"parent":0,"menu_order":0,"comment_status":"closed","ping_status":"closed","template":"","meta":{"footnotes":""},"class_list":["post-49","page","type-page","status-publish","hentry"],"_links":{"self":[{"href":"https:\/\/7en3d.com\/index.php\/wp-json\/wp\/v2\/pages\/49","targetHints":{"allow":["GET"]}}],"collection":[{"href":"https:\/\/7en3d.com\/index.php\/wp-json\/wp\/v2\/pages"}],"about":[{"href":"https:\/\/7en3d.com\/index.php\/wp-json\/wp\/v2\/types\/page"}],"author":[{"embeddable":true,"href":"https:\/\/7en3d.com\/index.php\/wp-json\/wp\/v2\/users\/1"}],"replies":[{"embeddable":true,"href":"https:\/\/7en3d.com\/index.php\/wp-json\/wp\/v2\/comments?post=49"}],"version-history":[{"count":16,"href":"https:\/\/7en3d.com\/index.php\/wp-json\/wp\/v2\/pages\/49\/revisions"}],"predecessor-version":[{"id":247,"href":"https:\/\/7en3d.com\/index.php\/wp-json\/wp\/v2\/pages\/49\/revisions\/247"}],"wp:attachment":[{"href":"https:\/\/7en3d.com\/index.php\/wp-json\/wp\/v2\/media?parent=49"}],"curies":[{"name":"wp","href":"https:\/\/api.w.org\/{rel}","templated":true}]}}