{"id":167,"date":"2026-03-04T17:05:44","date_gmt":"2026-03-04T17:05:44","guid":{"rendered":"http:\/\/mwauqyp.cluster121.hosting.ovh.net\/?page_id=167"},"modified":"2026-03-25T17:12:50","modified_gmt":"2026-03-25T17:12:50","slug":"exemples-de-realisation-et-idees-de-creation","status":"publish","type":"page","link":"https:\/\/7en3d.com\/index.php\/exemples-de-realisation-et-idees-de-creation\/","title":{"rendered":"Exemples de r\u00e9alisation et id\u00e9es de cr\u00e9ation"},"content":{"rendered":"\n<div class=\"wp-block-columns is-layout-flex wp-container-core-columns-is-layout-9d6595d7 wp-block-columns-is-layout-flex\">\n<div class=\"wp-block-column is-layout-flow wp-block-column-is-layout-flow\">\n<p><strong>Id\u00e9es de cr\u00e9ation<\/strong> :<\/p>\n\n\n\n<figure class=\"wp-block-image size-full is-resized\"><img loading=\"lazy\" decoding=\"async\" width=\"182\" height=\"180\" src=\"https:\/\/7en3d.com\/wp-content\/uploads\/2026\/03\/page2-partie-droite-image5-1.gif\" alt=\"\" class=\"wp-image-168\" style=\"width:182px;height:auto\"\/><\/figure>\n\n\n\n<p class=\"has-text-align-left\"><em>Figurines pour vos jeux<\/em><\/p>\n\n\n\n<figure class=\"wp-block-image size-full is-resized\"><img loading=\"lazy\" decoding=\"async\" width=\"187\" height=\"298\" src=\"https:\/\/7en3d.com\/wp-content\/uploads\/2026\/03\/page2-partie-droite-image10-3.gif\" alt=\"\" class=\"wp-image-169\" style=\"width:176px;height:auto\"\/><\/figure>\n\n\n\n<p class=\"blockart-paragraph blockart-paragraph-d1f9afc3\"><em>Accessoires maison adapt\u00e9s \u00e0 vos besoins : <br>embouts d&rsquo;aspirateur<\/em><br><\/p>\n\n\n\n<figure class=\"wp-block-image size-full\"><img loading=\"lazy\" decoding=\"async\" width=\"232\" height=\"122\" src=\"https:\/\/7en3d.com\/wp-content\/uploads\/2026\/03\/page2-partie-droite-image7.gif\" alt=\"\" class=\"wp-image-106\"\/><\/figure>\n\n\n\n<p class=\"blockart-paragraph blockart-paragraph-a82abcf4\"><em>Gobelets personnalis\u00e9s pour le camping<\/em><\/p>\n\n\n\n<figure class=\"wp-block-image size-full\"><img loading=\"lazy\" decoding=\"async\" width=\"215\" height=\"317\" src=\"https:\/\/7en3d.com\/wp-content\/uploads\/2026\/03\/page2-partie-droite-image91.gif\" alt=\"\" class=\"wp-image-171\"\/><\/figure>\n\n\n\n<p class=\"blockart-paragraph blockart-paragraph-11f7401d\"><em>Marque page personnalis\u00e9s<\/em><\/p>\n<\/div>\n\n\n\n<div class=\"wp-block-column is-layout-flow wp-block-column-is-layout-flow\">\n<p class=\"blockart-paragraph blockart-paragraph-4bc4125c\"><strong>Exemples de r\u00e9alisations,  accessoires de maison<\/strong> :<\/p>\n\n\n\n<figure class=\"wp-block-image size-full\"><img loading=\"lazy\" decoding=\"async\" width=\"640\" height=\"495\" src=\"http:\/\/mwauqyp.cluster121.hosting.ovh.net\/wp-content\/uploads\/2026\/03\/support-vitre.png\" alt=\"\" class=\"wp-image-175\" srcset=\"https:\/\/7en3d.com\/wp-content\/uploads\/2026\/03\/support-vitre.png 640w, https:\/\/7en3d.com\/wp-content\/uploads\/2026\/03\/support-vitre-300x232.png 300w\" sizes=\"auto, (max-width: 640px) 85vw, 640px\" \/><\/figure>\n\n\n\n<p class=\"blockart-paragraph blockart-paragraph-f4aaffc3\"><em>Support de Vitre de porte de douche<\/em> <\/p>\n\n\n\n<figure class=\"wp-block-image size-full\"><img loading=\"lazy\" decoding=\"async\" width=\"894\" height=\"741\" src=\"http:\/\/mwauqyp.cluster121.hosting.ovh.net\/wp-content\/uploads\/2026\/03\/bascule-fenetre.png\" alt=\"\" class=\"wp-image-176\" srcset=\"https:\/\/7en3d.com\/wp-content\/uploads\/2026\/03\/bascule-fenetre.png 894w, https:\/\/7en3d.com\/wp-content\/uploads\/2026\/03\/bascule-fenetre-300x249.png 300w, https:\/\/7en3d.com\/wp-content\/uploads\/2026\/03\/bascule-fenetre-768x637.png 768w\" sizes=\"auto, (max-width: 709px) 85vw, (max-width: 909px) 67vw, (max-width: 1362px) 62vw, 840px\" \/><\/figure>\n\n\n\n<p class=\"blockart-paragraph blockart-paragraph-5268bf92\"><em>Syst\u00e8me de glissi\u00e8re de Fen\u00eatre\u00a0<\/em>coulissante<\/p>\n\n\n\n<figure class=\"wp-block-image size-large\"><img loading=\"lazy\" decoding=\"async\" width=\"1024\" height=\"718\" src=\"http:\/\/mwauqyp.cluster121.hosting.ovh.net\/wp-content\/uploads\/2026\/03\/poussette-enfant-1024x718.png\" alt=\"\" class=\"wp-image-177\" srcset=\"https:\/\/7en3d.com\/wp-content\/uploads\/2026\/03\/poussette-enfant-1024x718.png 1024w, https:\/\/7en3d.com\/wp-content\/uploads\/2026\/03\/poussette-enfant-300x210.png 300w, https:\/\/7en3d.com\/wp-content\/uploads\/2026\/03\/poussette-enfant-768x538.png 768w, https:\/\/7en3d.com\/wp-content\/uploads\/2026\/03\/poussette-enfant-1200x841.png 1200w, https:\/\/7en3d.com\/wp-content\/uploads\/2026\/03\/poussette-enfant.png 1295w\" sizes=\"auto, (max-width: 709px) 85vw, (max-width: 909px) 67vw, (max-width: 1362px) 62vw, 840px\" \/><\/figure>\n\n\n\n<p class=\"blockart-paragraph blockart-paragraph-c5c89f82\"><em>clip de s\u00e9curit\u00e9 de poussette enfant<\/em><\/p>\n\n\n\n<p class=\"blockart-paragraph blockart-paragraph-539ea35e\"><strong>Accessoire Automobile<\/strong> :<\/p>\n\n\n\n<figure class=\"wp-block-image size-large\"><img loading=\"lazy\" decoding=\"async\" width=\"1024\" height=\"768\" src=\"http:\/\/mwauqyp.cluster121.hosting.ovh.net\/wp-content\/uploads\/2026\/03\/chauffage-toyota-1024x768.png\" alt=\"\" class=\"wp-image-178\" srcset=\"https:\/\/7en3d.com\/wp-content\/uploads\/2026\/03\/chauffage-toyota-1024x768.png 1024w, https:\/\/7en3d.com\/wp-content\/uploads\/2026\/03\/chauffage-toyota-300x225.png 300w, https:\/\/7en3d.com\/wp-content\/uploads\/2026\/03\/chauffage-toyota-768x576.png 768w, https:\/\/7en3d.com\/wp-content\/uploads\/2026\/03\/chauffage-toyota.png 1136w\" sizes=\"auto, (max-width: 709px) 85vw, (max-width: 909px) 67vw, (max-width: 1362px) 62vw, 840px\" \/><\/figure>\n\n\n\n<p class=\"blockart-paragraph blockart-paragraph-fe6318a9\"><em>Commande de chauffage TOYOTA Espace<\/em><\/p>\n\n\n\n<p class=\"blockart-paragraph blockart-paragraph-3f20c068\"><strong>Objets anciens<\/strong> : <\/p>\n\n\n\n<figure class=\"wp-block-image size-full\"><img loading=\"lazy\" decoding=\"async\" width=\"547\" height=\"411\" src=\"http:\/\/mwauqyp.cluster121.hosting.ovh.net\/wp-content\/uploads\/2026\/03\/bobine-enroulement.jpg\" alt=\"\" class=\"wp-image-179\" srcset=\"https:\/\/7en3d.com\/wp-content\/uploads\/2026\/03\/bobine-enroulement.jpg 547w, https:\/\/7en3d.com\/wp-content\/uploads\/2026\/03\/bobine-enroulement-300x225.jpg 300w\" sizes=\"auto, (max-width: 547px) 85vw, 547px\" \/><\/figure>\n\n\n\n<p class=\"blockart-paragraph blockart-paragraph-101eb832\"><em>Bobine de films de projecteur de cin\u00e9ma \u00e0 l&rsquo;ancienne<\/em><\/p>\n\n\n\n<figure class=\"wp-block-image size-full\"><img loading=\"lazy\" decoding=\"async\" width=\"777\" height=\"501\" src=\"http:\/\/mwauqyp.cluster121.hosting.ovh.net\/wp-content\/uploads\/2026\/03\/protection-boussole.png\" alt=\"\" class=\"wp-image-180\" srcset=\"https:\/\/7en3d.com\/wp-content\/uploads\/2026\/03\/protection-boussole.png 777w, https:\/\/7en3d.com\/wp-content\/uploads\/2026\/03\/protection-boussole-300x193.png 300w, https:\/\/7en3d.com\/wp-content\/uploads\/2026\/03\/protection-boussole-768x495.png 768w\" sizes=\"auto, (max-width: 777px) 85vw, 777px\" \/><\/figure>\n\n\n\n<p class=\"blockart-paragraph blockart-paragraph-4fb23d9a\"><em>Accessoire de bateau : cache de boussole<\/em><\/p>\n\n\n\n<figure class=\"wp-block-image size-large\"><img loading=\"lazy\" decoding=\"async\" width=\"1024\" height=\"699\" src=\"http:\/\/mwauqyp.cluster121.hosting.ovh.net\/wp-content\/uploads\/2026\/03\/clanche-1024x699.png\" alt=\"\" class=\"wp-image-181\" srcset=\"https:\/\/7en3d.com\/wp-content\/uploads\/2026\/03\/clanche-1024x699.png 1024w, https:\/\/7en3d.com\/wp-content\/uploads\/2026\/03\/clanche-300x205.png 300w, https:\/\/7en3d.com\/wp-content\/uploads\/2026\/03\/clanche-768x524.png 768w, https:\/\/7en3d.com\/wp-content\/uploads\/2026\/03\/clanche-1200x819.png 1200w, https:\/\/7en3d.com\/wp-content\/uploads\/2026\/03\/clanche.png 1202w\" sizes=\"auto, (max-width: 709px) 85vw, (max-width: 909px) 67vw, (max-width: 1362px) 62vw, 840px\" \/><\/figure>\n\n\n\n<p class=\"blockart-paragraph blockart-paragraph-a3beb545\"><em>Clanche de \u00ab\u00a0grand-porte\u00a0\u00bb de maison ancienne<\/em><\/p>\n<\/div>\n<\/div>\n\n\n\n\n","protected":false},"excerpt":{"rendered":"<p>Id\u00e9es de cr\u00e9ation : Figurines pour vos jeux<\/p>\n","protected":false},"author":1,"featured_media":0,"parent":0,"menu_order":0,"comment_status":"closed","ping_status":"closed","template":"","meta":{"footnotes":""},"class_list":["post-167","page","type-page","status-publish","hentry"],"_links":{"self":[{"href":"https:\/\/7en3d.com\/index.php\/wp-json\/wp\/v2\/pages\/167","targetHints":{"allow":["GET"]}}],"collection":[{"href":"https:\/\/7en3d.com\/index.php\/wp-json\/wp\/v2\/pages"}],"about":[{"href":"https:\/\/7en3d.com\/index.php\/wp-json\/wp\/v2\/types\/page"}],"author":[{"embeddable":true,"href":"https:\/\/7en3d.com\/index.php\/wp-json\/wp\/v2\/users\/1"}],"replies":[{"embeddable":true,"href":"https:\/\/7en3d.com\/index.php\/wp-json\/wp\/v2\/comments?post=167"}],"version-history":[{"count":10,"href":"https:\/\/7en3d.com\/index.php\/wp-json\/wp\/v2\/pages\/167\/revisions"}],"predecessor-version":[{"id":282,"href":"https:\/\/7en3d.com\/index.php\/wp-json\/wp\/v2\/pages\/167\/revisions\/282"}],"wp:attachment":[{"href":"https:\/\/7en3d.com\/index.php\/wp-json\/wp\/v2\/media?parent=167"}],"curies":[{"name":"wp","href":"https:\/\/api.w.org\/{rel}","templated":true}]}}