{"id":12,"date":"2026-03-04T10:48:36","date_gmt":"2026-03-04T10:48:36","guid":{"rendered":"http:\/\/mwauqyp.cluster121.hosting.ovh.net\/index.php\/colibri-wp\/"},"modified":"2026-03-25T16:01:08","modified_gmt":"2026-03-25T16:01:08","slug":"colibri-wp","status":"publish","type":"page","link":"https:\/\/7en3d.com\/","title":{"rendered":"L&rsquo;impression 3D au service de vos cr\u00e9ations et r\u00e9parations d&rsquo;objets"},"content":{"rendered":"\n<h1 class=\"wp-block-heading has-text-align-center has-medium-font-size\"><strong><em>Remplacez plut\u00f4t que jetez !<\/em><\/strong><\/h1>\n\n\n\n<p class=\"has-text-align-center has-medium-font-size\"><strong><em>Reproduire une pi\u00e8ce\/objet cass\u00e9, manquant &#8230;<\/em><\/strong><\/p>\n\n\n\n<p class=\"blockart-paragraph blockart-paragraph-8a8e3efe\">Faites reproduire une pi\u00e8ce manquante, cass\u00e9e, unique, introuvable, d\u2019un meuble, d\u2019une machine, d\u2019un jouet, d\u2019un ensemble.<br><br>L\u2019impression 3D, c\u2019est la possibilit\u00e9 de reproduire une pi\u00e8ce \u00e0 l\u2019identique qui s&#8217;embo\u00eetera parfaitement dans votre syst\u00e8me, machine ou \u00e9l\u00e9ment mobilier.<br><br><strong>Vous avez besoin de reproduire un objet ?<br>C\u2019est tr\u00e8s simple.<\/strong><\/p>\n\n\n\n<div class=\"wp-block-columns is-layout-flex wp-container-core-columns-is-layout-9d6595d7 wp-block-columns-is-layout-flex\">\n<div class=\"wp-block-column is-layout-flow wp-block-column-is-layout-flow\" style=\"flex-basis:33.33%\">\n<figure class=\"wp-block-image size-full\"><img loading=\"lazy\" decoding=\"async\" width=\"186\" height=\"96\" src=\"https:\/\/7en3d.com\/wp-content\/uploads\/2026\/03\/image1-page1-2.gif\" alt=\"\" class=\"wp-image-72\"\/><\/figure>\n<\/div>\n\n\n\n<div class=\"wp-block-column is-layout-flow wp-block-column-is-layout-flow\" style=\"flex-basis:66.66%\">\n<p>1- <strong>VOUS NOUS FAITES PART DE VOTRE DEMANDE<\/strong> en nous envoyant une photo de l\u2019objet \u00e0 reproduire par <strong>mail,<\/strong> puis l\u2019objet original par <strong>courrier<\/strong>.<\/p>\n<\/div>\n<\/div>\n\n\n\n<p class=\"blockart-paragraph blockart-paragraph-fcf6e078\">2-<strong>Apr\u00e8s \u00e9tude personnalis\u00e9e gratuite, nous vous envoyons une PROPOSITION DE DEVIS\u00a0<\/strong><br><strong>Demandez votre devis : <a href=\"https:\/\/7en3d.com\/index.php\/contact-et-devis\/\">ici<\/a><\/strong><\/p>\n\n\n\n<div class=\"wp-block-columns is-layout-flex wp-container-core-columns-is-layout-9d6595d7 wp-block-columns-is-layout-flex\">\n<div class=\"wp-block-column is-layout-flow wp-block-column-is-layout-flow\" style=\"flex-basis:33.33%\">\n<figure class=\"wp-block-image size-full\"><img loading=\"lazy\" decoding=\"async\" width=\"196\" height=\"186\" src=\"https:\/\/7en3d.com\/wp-content\/uploads\/2026\/03\/image2-page1-2.gif\" alt=\"\" class=\"wp-image-122\"\/><\/figure>\n<\/div>\n\n\n\n<div class=\"wp-block-column is-layout-flow wp-block-column-is-layout-flow\" style=\"flex-basis:66.66%\">\n<p>3- <strong>NOUS MESURONS <\/strong>tr\u00e8s pr\u00e9cis\u00e9ment <br>(au dixi\u00e8me de millim\u00e8tre pr\u00e8s) votre objet et <strong>R\u00c9ALISONS LE MOD\u00c8LE 3D.<\/strong><\/p>\n<\/div>\n<\/div>\n\n\n\n<div class=\"wp-block-group is-nowrap is-layout-flex wp-container-core-group-is-layout-ad2f72ca wp-block-group-is-layout-flex\">\n<figure class=\"wp-block-image size-full\"><img loading=\"lazy\" decoding=\"async\" width=\"522\" height=\"145\" src=\"https:\/\/7en3d.com\/wp-content\/uploads\/2026\/03\/image3-page1-1.gif\" alt=\"\" class=\"wp-image-76\"\/><\/figure>\n<\/div>\n\n\n\n<p>4- <strong>NOUS L\u2019ENVOYONS A L\u2019IMPRESSION 3D et VOUS LE RECEVEZ QUELQUES JOURS PLUS TARD.<\/strong><\/p>\n\n\n\n<div class=\"wp-block-buttons is-layout-flex wp-block-buttons-is-layout-flex\">\n<div class=\"wp-block-button\"><a class=\"wp-block-button__link has-bright-blue-background-color has-background wp-element-button\" href=\"https:\/\/7en3d.com\/index.php\/contact-et-devis\/\">Envoyer une Demande d&rsquo;information ou de devis<\/a><\/div>\n<\/div>\n\n\n\n<p><\/p>\n\n\n<div class=\"wp-block-image\">\n<figure class=\"aligncenter size-full is-resized\"><img loading=\"lazy\" decoding=\"async\" width=\"188\" height=\"147\" src=\"https:\/\/7en3d.com\/wp-content\/uploads\/2026\/03\/image4-page1.gif\" alt=\"\" class=\"wp-image-87\" style=\"aspect-ratio:1.2789365026289148;width:145px;height:auto\"\/><\/figure>\n<\/div>\n\n\n<div class=\"wp-block-columns is-layout-flex wp-container-core-columns-is-layout-9d6595d7 wp-block-columns-is-layout-flex\">\n<div class=\"wp-block-column is-layout-flow wp-block-column-is-layout-flow\">\n<div class=\"wp-block-columns is-layout-flex wp-container-core-columns-is-layout-9d6595d7 wp-block-columns-is-layout-flex\">\n<div class=\"wp-block-column is-vertically-aligned-center is-layout-flow wp-block-column-is-layout-flow\">\n<div class=\"wp-block-columns is-layout-flex wp-container-core-columns-is-layout-9d6595d7 wp-block-columns-is-layout-flex\">\n<div class=\"wp-block-column is-layout-flow wp-block-column-is-layout-flow\">\n<p class=\"blockart-paragraph blockart-paragraph-e6f6dc70\"><em><strong>Nos valeurs<\/strong> : <br>\u00c9thique<br>Respect de la plan\u00e8te<br>Contre l&rsquo;obsolescence programm\u00e9e<\/em><br><\/p>\n<\/div>\n<\/div>\n<\/div>\n<\/div>\n<\/div>\n<\/div>\n\n\n\n<div class=\"wp-block-group\"><div class=\"wp-block-group__inner-container is-layout-constrained wp-block-group-is-layout-constrained\">\n<div class=\"wp-block-group\"><div class=\"wp-block-group__inner-container is-layout-constrained wp-block-group-is-layout-constrained\">\n<div class=\"blockart-testimonial blockart-testimonial-bdaec4d3\"><div class=\"splide\"><div class=\"splide__track\"><ul class=\"splide__list\">\n<li class=\"blockart-testimonial-slide blockart-testimonial-slide-22fd1f1c splide__slide\"><div class=\"blockart-testimonial-inner-content\"><div class=\"blockart-testimonial-image\"><figure><img decoding=\"async\" class=\"blockart-image\" src=\"http:\/\/mwauqyp.cluster121.hosting.ovh.net\/wp-content\/uploads\/2026\/03\/Capture-decran-2026-03-04-191819.png\" alt=\"\"\/><\/figure><\/div><div class=\"blockart-testimonial-text\"><p class=\"\" placeholder=\"Click here to change this text. Lorem ipsum dolor sit amet, consectetur adipiscing elit. Ut elit tellus, luctus nec ullamcorper mattis, pulvinar dapibus leo.\">\u201cLorsque j\u2019ai entendu parler de 7en3d et leur ai soumis mon probl\u00e8me : j\u2019avais perdu un embout sur un \u00e9l\u00e9ment mobilier. Ils m\u2019ont simplement demand\u00e9 de leur faire parvenir un des trois embouts restants et deux jours plus tard il m\u2019\u00e9tait retourn\u00e9 accompagn\u00e9 d\u2019une <strong>copie conforme<\/strong>.<br>Je n\u2019ai eu qu\u2019\u00e0 remettre en place ces deux pi\u00e8ces et le tour \u00e9tait jou\u00e9 !<br><strong>J\u2019ai retrouv\u00e9 un bureau de travail stable et esth\u00e9tiquement parfait\u201d<\/strong><\/p><\/div><div class=\"blockart-testimonial-name\"><h2 class=\"blockart-testimonial-member-name\" placeholder=\"Name\">Franck M.M\u00e9ru (60)<\/h2><\/div><div class=\"blockart-testimonial-designation\"><p class=\"\" placeholder=\"Designation\"><\/p><\/div><\/div><\/li>\n\n\n\n<li class=\"blockart-testimonial-slide blockart-testimonial-slide-ca24f8ba splide__slide\"><div class=\"blockart-testimonial-inner-content\"><div class=\"blockart-testimonial-image\"><figure><img decoding=\"async\" class=\"blockart-image\" src=\"http:\/\/mwauqyp.cluster121.hosting.ovh.net\/wp-content\/uploads\/2026\/03\/Capture-decran-2026-03-04-191819.png\" alt=\"\"\/><\/figure><\/div><div class=\"blockart-testimonial-text\"><p class=\"\" placeholder=\"Click here to change this text. Lorem ipsum dolor sit amet, consectetur adipiscing elit. Ut elit tellus, luctus nec ullamcorper mattis, pulvinar dapibus leo.\">\u201c<strong>Designer<\/strong>, j\u2019avais besoin de faire r\u00e9aliser une <strong>maquette 3D pour un projet<\/strong>. J\u2019ai fait appel aux services de 7en3d et je suis tr\u00e8s satisfait du rendu. Ce qui m\u2019a plu ?<br>L\u2019expertise technique en dessin de pr\u00e9cision et en CAO : pour moi c\u2019est essentiel\u201d<\/p><\/div><div class=\"blockart-testimonial-name\"><h2 class=\"blockart-testimonial-member-name\" placeholder=\"Name\">Damien H &#8211; Paris<\/h2><\/div><div class=\"blockart-testimonial-designation\"><p class=\"\" placeholder=\"Designation\"><\/p><\/div><\/div><\/li>\n\n\n\n<li class=\"blockart-testimonial-slide blockart-testimonial-slide-e2e80a54 splide__slide\"><div class=\"blockart-testimonial-inner-content\"><div class=\"blockart-testimonial-image\"><figure><img decoding=\"async\" class=\"blockart-image\" src=\"http:\/\/mwauqyp.cluster121.hosting.ovh.net\/wp-content\/uploads\/2026\/03\/Capture-decran-2026-03-04-191819.png\" alt=\"\"\/><\/figure><\/div><div class=\"blockart-testimonial-text\"><p class=\"\" placeholder=\"Click here to change this text. Lorem ipsum dolor sit amet, consectetur adipiscing elit. Ut elit tellus, luctus nec ullamcorper mattis, pulvinar dapibus leo.\">J&rsquo;ai fait appel \u00e0 7en3D pour un support de porte de douche qui \u00e9tait cass\u00e9 et qui n&rsquo;existait pas en pi\u00e8ce de rechange dans le commerce. J&rsquo;ai \u00e9t\u00e9 surprise par la rapidit\u00e9 et la pr\u00e9cision de la pi\u00e8ce reproduite.<\/p><\/div><div class=\"blockart-testimonial-name\"><h2 class=\"blockart-testimonial-member-name\" placeholder=\"Name\">Manon M &#8211; Boulogne Billancourt<\/h2><\/div><div class=\"blockart-testimonial-designation\"><p class=\"\" placeholder=\"Designation\"><\/p><\/div><\/div><\/li>\n\n\n\n<li class=\"blockart-testimonial-slide blockart-testimonial-slide-ba2e25c9 splide__slide\"><div class=\"blockart-testimonial-inner-content\"><div class=\"blockart-testimonial-image\"><figure><img decoding=\"async\" class=\"blockart-image\" src=\"http:\/\/mwauqyp.cluster121.hosting.ovh.net\/wp-content\/uploads\/2026\/03\/Capture-decran-2026-03-04-191819.png\" alt=\"\"\/><\/figure><\/div><div class=\"blockart-testimonial-text\"><p class=\"\" placeholder=\"Click here to change this text. Lorem ipsum dolor sit amet, consectetur adipiscing elit. Ut elit tellus, luctus nec ullamcorper mattis, pulvinar dapibus leo.\">Le chauffage de ma toyota est tomb\u00e9 en panne. J&rsquo;ai pu envoyer la pi\u00e8ce d\u00e9faillante \u00e0 7en3D qui me la reproduite parfaitement \u00e0 l&rsquo;identique malgr\u00e9 sa complexit\u00e9. <\/p><\/div><div class=\"blockart-testimonial-name\"><h2 class=\"blockart-testimonial-member-name\" placeholder=\"Name\">Alex B &#8211; La Rochelle<\/h2><\/div><div class=\"blockart-testimonial-designation\"><p class=\"\" placeholder=\"Designation\"><\/p><\/div><\/div><\/li>\n<\/ul><\/div><div class=\"splide__arrows\"><div role=\"button\" tabindex=\"0\" class=\"splide__arrow splide__arrow--prev\"><svg xmlns=\"http:\/\/www.w3.org\/2000\/svg\" viewBox=\"0 0 40 40\" width=\"40\" height=\"40\" focusable=\"false\"><path d=\"m15.5 0.932-4.3 4.38 14.5 14.6-14.5 14.5 4.3 4.4 14.6-14.6 4.4-4.3-4.4-4.4-14.6-14.6z\"><\/path><\/svg><\/div><div role=\"button\" tabindex=\"0\" class=\"splide__arrow splide__arrow--next\"><svg xmlns=\"http:\/\/www.w3.org\/2000\/svg\" viewBox=\"0 0 40 40\" width=\"40\" height=\"40\" focusable=\"false\"><path d=\"m15.5 0.932-4.3 4.38 14.5 14.6-14.5 14.5 4.3 4.4 14.6-14.6 4.4-4.3-4.4-4.4-14.6-14.6z\"><\/path><\/svg><\/div><\/div><\/div><\/div>\n<\/div><\/div>\n<\/div><\/div>\n\n\n\n<p><\/p>\n","protected":false},"excerpt":{"rendered":"<p>Remplacez plut\u00f4t que jetez ! Reproduire une pi\u00e8ce\/objet cass\u00e9, manquant &#8230; 1- VOUS NOUS FAITES PART DE VOTRE DEMANDE en nous envoyant une photo de l\u2019objet \u00e0 reproduire par mail, puis l\u2019objet original par courrier. 3- NOUS MESURONS tr\u00e8s pr\u00e9cis\u00e9ment (au dixi\u00e8me de millim\u00e8tre pr\u00e8s) votre objet et R\u00c9ALISONS LE MOD\u00c8LE 3D. 4- NOUS L\u2019ENVOYONS &hellip; <a href=\"https:\/\/7en3d.com\/\" class=\"more-link\">Continuer la lecture<span class=\"screen-reader-text\"> de &laquo;&nbsp;L&rsquo;impression 3D au service de vos cr\u00e9ations et r\u00e9parations d&rsquo;objets&nbsp;&raquo;<\/span><\/a><\/p>\n","protected":false},"author":1,"featured_media":0,"parent":0,"menu_order":0,"comment_status":"closed","ping_status":"closed","template":"page-templates\/homepage.php","meta":{"footnotes":""},"class_list":["post-12","page","type-page","status-publish","hentry"],"_links":{"self":[{"href":"https:\/\/7en3d.com\/index.php\/wp-json\/wp\/v2\/pages\/12","targetHints":{"allow":["GET"]}}],"collection":[{"href":"https:\/\/7en3d.com\/index.php\/wp-json\/wp\/v2\/pages"}],"about":[{"href":"https:\/\/7en3d.com\/index.php\/wp-json\/wp\/v2\/types\/page"}],"author":[{"embeddable":true,"href":"https:\/\/7en3d.com\/index.php\/wp-json\/wp\/v2\/users\/1"}],"replies":[{"embeddable":true,"href":"https:\/\/7en3d.com\/index.php\/wp-json\/wp\/v2\/comments?post=12"}],"version-history":[{"count":35,"href":"https:\/\/7en3d.com\/index.php\/wp-json\/wp\/v2\/pages\/12\/revisions"}],"predecessor-version":[{"id":276,"href":"https:\/\/7en3d.com\/index.php\/wp-json\/wp\/v2\/pages\/12\/revisions\/276"}],"wp:attachment":[{"href":"https:\/\/7en3d.com\/index.php\/wp-json\/wp\/v2\/media?parent=12"}],"curies":[{"name":"wp","href":"https:\/\/api.w.org\/{rel}","templated":true}]}}