{"id":115,"date":"2026-03-04T16:21:02","date_gmt":"2026-03-04T16:21:02","guid":{"rendered":"http:\/\/mwauqyp.cluster121.hosting.ovh.net\/?page_id=115"},"modified":"2026-03-25T14:54:46","modified_gmt":"2026-03-25T14:54:46","slug":"quest-ce-que-la-cao","status":"publish","type":"page","link":"https:\/\/7en3d.com\/index.php\/quest-ce-que-la-cao\/","title":{"rendered":"Qu&rsquo;est ce que la CAO"},"content":{"rendered":"\n<p><strong>Dans le processus de I&rsquo;impression 3D, la mod\u00e9lisation est l&rsquo;\u00e9tape juste avant, qui consiste \u00e0 cr\u00e9er sur I\u2019ordinateur I\u2019objet en 3D de fa\u00e7on virtuelle, \u00e0 l&rsquo;aide d&rsquo;un logiciel de CAO<\/strong><\/p>\n\n\n\n<p><strong><br>CAO signifie : Conception Assist\u00e9e par Ordinateur. On fait du dessin, MAIS en 3 Dimensions (3D) <\/strong><br><strong><br>L\u2019objet est cr\u00e9\u00e9, \u00e9tape par \u00e9tape, en utilisant des formes simples, cubes sph\u00e8res, pouvant \u00eatre retravaill\u00e9es, modifi\u00e9es \u00e0 chaque instant.<br><br><\/strong><\/p>\n\n\n\n<p><strong>On peut faire tourner I\u2019objet, le zoomer, le voir en 3D directement sur \u00e9cran.<br><br>Ensuite, I objet est sauvegard\u00e9 en tant que fichier, puis transf\u00e9r\u00e9 \u00e0 l\u2019imprimante 3D qui sait le lire et le transformer en \u201c objet r\u00e9el de mati\u00e8re\u201d<\/strong><\/p>\n\n\n\n<p><strong>Le tour est jou\u00e9.<br><br><\/strong><\/p>\n\n\n\n<p><strong>Il existe plusieurs sortes de logiciels de mod\u00e9lisation (CAO) sur le marche.<br>Certains sont simples, d&rsquo;autres plus complexes, gratuits ou payants.<\/strong><\/p>\n\n\n\n<div class=\"blockart-info-box blockart-info-5687bb04 blockart-info-box-layout-1\"><div class=\"blockart-info-container\"><div class=\"blockart-info-box-icon-wrapper\"><div class=\"blockart-info-box-icon\"><\/div><\/div><div class=\"blockart-info-content\"><div class=\"blockart-heading-wrapper\"><h2 class=\"blockart-heading\"><\/h2><\/div><div class=\"blockart-content-wrapper\"><p class=\"\"><\/p><\/div><div class=\"blockart-button-wrapper\"><a class=\"blockart-button\"><\/a><\/div><\/div><\/div><\/div>\n\n\n\n<p><\/p>\n\n\n","protected":false},"excerpt":{"rendered":"<p>Dans le processus de I&rsquo;impression 3D, la mod\u00e9lisation est l&rsquo;\u00e9tape juste avant, qui consiste \u00e0 cr\u00e9er sur I\u2019ordinateur I\u2019objet en 3D de fa\u00e7on virtuelle, \u00e0 l&rsquo;aide d&rsquo;un logiciel de CAO CAO signifie : Conception Assist\u00e9e par Ordinateur. On fait du dessin, MAIS en 3 Dimensions (3D) L\u2019objet est cr\u00e9\u00e9, \u00e9tape par \u00e9tape, en utilisant des &hellip; <a href=\"https:\/\/7en3d.com\/index.php\/quest-ce-que-la-cao\/\" class=\"more-link\">Continuer la lecture<span class=\"screen-reader-text\"> de &laquo;&nbsp;Qu&rsquo;est ce que la CAO&nbsp;&raquo;<\/span><\/a><\/p>\n","protected":false},"author":1,"featured_media":0,"parent":0,"menu_order":0,"comment_status":"closed","ping_status":"closed","template":"","meta":{"footnotes":""},"class_list":["post-115","page","type-page","status-publish","hentry"],"_links":{"self":[{"href":"https:\/\/7en3d.com\/index.php\/wp-json\/wp\/v2\/pages\/115","targetHints":{"allow":["GET"]}}],"collection":[{"href":"https:\/\/7en3d.com\/index.php\/wp-json\/wp\/v2\/pages"}],"about":[{"href":"https:\/\/7en3d.com\/index.php\/wp-json\/wp\/v2\/types\/page"}],"author":[{"embeddable":true,"href":"https:\/\/7en3d.com\/index.php\/wp-json\/wp\/v2\/users\/1"}],"replies":[{"embeddable":true,"href":"https:\/\/7en3d.com\/index.php\/wp-json\/wp\/v2\/comments?post=115"}],"version-history":[{"count":4,"href":"https:\/\/7en3d.com\/index.php\/wp-json\/wp\/v2\/pages\/115\/revisions"}],"predecessor-version":[{"id":260,"href":"https:\/\/7en3d.com\/index.php\/wp-json\/wp\/v2\/pages\/115\/revisions\/260"}],"wp:attachment":[{"href":"https:\/\/7en3d.com\/index.php\/wp-json\/wp\/v2\/media?parent=115"}],"curies":[{"name":"wp","href":"https:\/\/api.w.org\/{rel}","templated":true}]}}